{"id":53,"date":"2023-03-03T08:39:08","date_gmt":"2023-03-03T08:39:08","guid":{"rendered":"https:\/\/cooperativaarticolouno.it\/?page_id=53"},"modified":"2024-06-17T13:04:58","modified_gmt":"2024-06-17T13:04:58","slug":"sostienici","status":"publish","type":"page","link":"https:\/\/cooperativaarticolouno.it\/?page_id=53","title":{"rendered":"Sostienici"},"content":{"rendered":"\n<p class=\"has-small-font-size\"><\/p>\n\n\n\n<p>Sostieni cooperativa <a href=\"http:\/\/cooperativaarticolouno.it\" target=\"_blank\" rel=\"noreferrer noopener\">ArticoloUno<\/a> che, dal 2015, ha fatto una scommessa sul benessere di Brescia, un benessere costruito attorno a tre valori: cultura, cura e lavoro.<\/p>\n\n\n\n<p><strong>Ci occupiamo di inserimento lavorativo e cio\u00e8 creiamo occasioni di lavoro per persone con fragilit\u00e0<\/strong>. Per noi l\u2019impegno \u00e8 diffondere libri e idee di comunit\u00e0 solidale, offrire cibo di qualit\u00e0 a prezzi popolari, sostenere il territorio con le nostre attivit\u00e0 e i nostri servizi. <\/p>\n\n\n\n<p>Nel 2022 la cooperativa ArticoloUno ha deciso di comprare la sede di <a href=\"http:\/\/nlr.plus\">Nuova Libreria Rinascita<\/a> per mettere al sicuro un progetto culturale indipendente a cui migliaia di bresciani ogni anno si rivolgono per trovare libri, temi e autori che altrimenti rimarrebbero ai margini del dibattito cittadino. In quella occasione abbiamo iniziato una campagna di sostegno.<\/p>\n\n\n\n<p>Ti chiediamo di sostenerci come hai fatto in quella occasione o di iniziare, d\u2019ora in poi, a darci una mano.<\/p>\n\n\n\n<p><strong>Ti chiediamo di sostenerci perch\u00e9 a nostra volta sosteniamo il territorio<\/strong> con gli inserimenti lavorativi, perch\u00e9 promuoviamo cultura, perch\u00e9 selezioniamo prodotti bio e rigenerativi di piccoli produttori locali, perch\u00e9 ci impegniamo a mantenere prezzi popolari per una cucina di qualit\u00e0, perch\u00e9 alimentiamo socialit\u00e0, dignit\u00e0 del lavoro e vogliamo crescere con Brescia e con i bresciani.<\/p>\n\n\n\n<p><strong>I modi sono tanti<\/strong>:<\/p>\n\n\n\n<p>Preferisci il digitale? Puoi donare con <strong>PayPal<\/strong>! Clicca sul bottone qui sotto e fai la tua donazione singola o periodica:<\/p>\n\n\n\n<p><form action=\"https:\/\/www.paypal.com\/donate\" method=\"post\" target=\"_top\">\n<input type=\"hidden\" name=\"hosted_button_id\" value=\"5WYN6NGMRSFBL\">\n<input type=\"image\" src=\"https:\/\/www.paypalobjects.com\/it_IT\/IT\/i\/btn\/btn_donateCC_LG.gif\" name=\"submit\" title=\"PayPal - The safer, easier way to pay online!\" alt=\"Fai una donazione con il pulsante PayPal\" border=\"0\">\n<img loading=\"lazy\" decoding=\"async\" alt=\"\" src=\"https:\/\/www.paypal.com\/it_IT\/i\/scr\/pixel.gif\" width=\"1\" height=\"1\" border=\"0\">\n<\/form><\/p>\n\n\n\n<p>Puoi anche farci un <strong>bonifico<\/strong>. Forse non lo sai ma le \u201cerogazioni liberali\u201d alle organizzazioni senza scopo di lucro (come la cooperativa ArticoloUno) sono detraibili dall\u2019IRPEF per il 19%. Se preferisci sostenerci cos\u00ec, puoi fare un bonifico all\u2019IBAN: IT56I0501811200000016767220<br>Intestato a: Societ\u00e0 Cooperativa Sociale ArticoloUno ONLUS (CF 03700940988)<br>Con la causale: EROGAZIONE LIBERALE A SOSTEGNO DELLE VOSTRE ATTIVIT\u00c0<br>Aggiungi anche un\u2019e-mail, in modo che possiamo contattarti e farti avere una ricevuta della donazione. Puoi donare qualunque cifra, ci dai comunque un aiuto.<\/p>\n\n\n\n<p><\/p>\n","protected":false},"excerpt":{"rendered":"<p>Sostieni cooperativa ArticoloUno che, dal 2015, ha fatto una scommessa sul benessere di Brescia, un benessere costruito attorno a tre valori: cultura, cura e lavoro. Ci occupiamo di inserimento lavorativo e cio\u00e8 creiamo occasioni di lavoro per persone con fragilit\u00e0. Per noi l\u2019impegno \u00e8 diffondere libri e idee di comunit\u00e0 solidale, offrire cibo di qualit\u00e0 &hellip; <\/p>\n<p class=\"link-more\"><a href=\"https:\/\/cooperativaarticolouno.it\/?page_id=53\" class=\"more-link\">Leggi tutto<span class=\"screen-reader-text\"> &#8220;Sostienici&#8221;<\/span><\/a><\/p>\n","protected":false},"author":1,"featured_media":44,"parent":0,"menu_order":0,"comment_status":"closed","ping_status":"closed","template":"","meta":{"footnotes":""},"class_list":["post-53","page","type-page","status-publish","has-post-thumbnail","hentry"],"yoast_head":"<!-- This site is optimized with the Yoast SEO plugin v27.3 - https:\/\/yoast.com\/product\/yoast-seo-wordpress\/ -->\n<title>Sostienici - ArticoloUno Societ&agrave; Cooperativa Sociale ONLUS<\/title>\n<meta name=\"robots\" content=\"index, follow, max-snippet:-1, max-image-preview:large, max-video-preview:-1\" \/>\n<link rel=\"canonical\" href=\"https:\/\/cooperativaarticolouno.it\/?page_id=53\" \/>\n<meta property=\"og:locale\" content=\"it_IT\" \/>\n<meta property=\"og:type\" content=\"article\" \/>\n<meta property=\"og:title\" content=\"Sostienici - ArticoloUno Societ&agrave; Cooperativa Sociale ONLUS\" \/>\n<meta property=\"og:description\" content=\"Sostieni cooperativa ArticoloUno che, dal 2015, ha fatto una scommessa sul benessere di Brescia, un benessere costruito attorno a tre valori: cultura, cura e lavoro. Ci occupiamo di inserimento lavorativo e cio\u00e8 creiamo occasioni di lavoro per persone con fragilit\u00e0. Per noi l\u2019impegno \u00e8 diffondere libri e idee di comunit\u00e0 solidale, offrire cibo di qualit\u00e0 &hellip; Leggi tutto &quot;Sostienici&quot;\" \/>\n<meta property=\"og:url\" content=\"https:\/\/cooperativaarticolouno.it\/?page_id=53\" \/>\n<meta property=\"og:site_name\" content=\"ArticoloUno Societ&agrave; Cooperativa Sociale ONLUS\" \/>\n<meta property=\"article:modified_time\" content=\"2024-06-17T13:04:58+00:00\" \/>\n<meta property=\"og:image\" content=\"https:\/\/cooperativaarticolouno.it\/wp-content\/uploads\/2023\/03\/fabrizio-magoni-boaDpmC-_Xo-unsplash-scaled.jpg\" \/>\n\t<meta property=\"og:image:width\" content=\"2560\" \/>\n\t<meta property=\"og:image:height\" content=\"1502\" \/>\n\t<meta property=\"og:image:type\" content=\"image\/jpeg\" \/>\n<meta name=\"twitter:card\" content=\"summary_large_image\" \/>\n<meta name=\"twitter:label1\" content=\"Tempo di lettura stimato\" \/>\n\t<meta name=\"twitter:data1\" content=\"2 minuti\" \/>\n<script type=\"application\/ld+json\" class=\"yoast-schema-graph\">{\"@context\":\"https:\\\/\\\/schema.org\",\"@graph\":[{\"@type\":\"WebPage\",\"@id\":\"https:\\\/\\\/cooperativaarticolouno.it\\\/?page_id=53\",\"url\":\"https:\\\/\\\/cooperativaarticolouno.it\\\/?page_id=53\",\"name\":\"Sostienici - ArticoloUno Societ&agrave; Cooperativa Sociale ONLUS\",\"isPartOf\":{\"@id\":\"https:\\\/\\\/cooperativaarticolouno.it\\\/#website\"},\"primaryImageOfPage\":{\"@id\":\"https:\\\/\\\/cooperativaarticolouno.it\\\/?page_id=53#primaryimage\"},\"image\":{\"@id\":\"https:\\\/\\\/cooperativaarticolouno.it\\\/?page_id=53#primaryimage\"},\"thumbnailUrl\":\"https:\\\/\\\/cooperativaarticolouno.it\\\/wp-content\\\/uploads\\\/2023\\\/03\\\/fabrizio-magoni-boaDpmC-_Xo-unsplash-scaled.jpg\",\"datePublished\":\"2023-03-03T08:39:08+00:00\",\"dateModified\":\"2024-06-17T13:04:58+00:00\",\"breadcrumb\":{\"@id\":\"https:\\\/\\\/cooperativaarticolouno.it\\\/?page_id=53#breadcrumb\"},\"inLanguage\":\"it-IT\",\"potentialAction\":[{\"@type\":\"ReadAction\",\"target\":[\"https:\\\/\\\/cooperativaarticolouno.it\\\/?page_id=53\"]}]},{\"@type\":\"ImageObject\",\"inLanguage\":\"it-IT\",\"@id\":\"https:\\\/\\\/cooperativaarticolouno.it\\\/?page_id=53#primaryimage\",\"url\":\"https:\\\/\\\/cooperativaarticolouno.it\\\/wp-content\\\/uploads\\\/2023\\\/03\\\/fabrizio-magoni-boaDpmC-_Xo-unsplash-scaled.jpg\",\"contentUrl\":\"https:\\\/\\\/cooperativaarticolouno.it\\\/wp-content\\\/uploads\\\/2023\\\/03\\\/fabrizio-magoni-boaDpmC-_Xo-unsplash-scaled.jpg\",\"width\":2560,\"height\":1502},{\"@type\":\"BreadcrumbList\",\"@id\":\"https:\\\/\\\/cooperativaarticolouno.it\\\/?page_id=53#breadcrumb\",\"itemListElement\":[{\"@type\":\"ListItem\",\"position\":1,\"name\":\"Home\",\"item\":\"https:\\\/\\\/cooperativaarticolouno.it\\\/\"},{\"@type\":\"ListItem\",\"position\":2,\"name\":\"Sostienici\"}]},{\"@type\":\"WebSite\",\"@id\":\"https:\\\/\\\/cooperativaarticolouno.it\\\/#website\",\"url\":\"https:\\\/\\\/cooperativaarticolouno.it\\\/\",\"name\":\"ArticoloUno Societ&agrave; Cooperativa Sociale ONLUS\",\"description\":\"Una cooperativa che lavora con te.\",\"publisher\":{\"@id\":\"https:\\\/\\\/cooperativaarticolouno.it\\\/#organization\"},\"potentialAction\":[{\"@type\":\"SearchAction\",\"target\":{\"@type\":\"EntryPoint\",\"urlTemplate\":\"https:\\\/\\\/cooperativaarticolouno.it\\\/?s={search_term_string}\"},\"query-input\":{\"@type\":\"PropertyValueSpecification\",\"valueRequired\":true,\"valueName\":\"search_term_string\"}}],\"inLanguage\":\"it-IT\"},{\"@type\":\"Organization\",\"@id\":\"https:\\\/\\\/cooperativaarticolouno.it\\\/#organization\",\"name\":\"ArticoloUno Societ&agrave; Cooperativa Sociale ONLUS\",\"url\":\"https:\\\/\\\/cooperativaarticolouno.it\\\/\",\"logo\":{\"@type\":\"ImageObject\",\"inLanguage\":\"it-IT\",\"@id\":\"https:\\\/\\\/cooperativaarticolouno.it\\\/#\\\/schema\\\/logo\\\/image\\\/\",\"url\":\"https:\\\/\\\/cooperativaarticolouno.it\\\/wp-content\\\/uploads\\\/2023\\\/03\\\/cropped-thumbnail_A1_logo_vert.png\",\"contentUrl\":\"https:\\\/\\\/cooperativaarticolouno.it\\\/wp-content\\\/uploads\\\/2023\\\/03\\\/cropped-thumbnail_A1_logo_vert.png\",\"width\":302,\"height\":250,\"caption\":\"ArticoloUno Societ&agrave; Cooperativa Sociale ONLUS\"},\"image\":{\"@id\":\"https:\\\/\\\/cooperativaarticolouno.it\\\/#\\\/schema\\\/logo\\\/image\\\/\"}}]}<\/script>\n<!-- \/ Yoast SEO plugin. -->","yoast_head_json":{"title":"Sostienici - ArticoloUno Societ&agrave; Cooperativa Sociale ONLUS","robots":{"index":"index","follow":"follow","max-snippet":"max-snippet:-1","max-image-preview":"max-image-preview:large","max-video-preview":"max-video-preview:-1"},"canonical":"https:\/\/cooperativaarticolouno.it\/?page_id=53","og_locale":"it_IT","og_type":"article","og_title":"Sostienici - ArticoloUno Societ&agrave; Cooperativa Sociale ONLUS","og_description":"Sostieni cooperativa ArticoloUno che, dal 2015, ha fatto una scommessa sul benessere di Brescia, un benessere costruito attorno a tre valori: cultura, cura e lavoro. Ci occupiamo di inserimento lavorativo e cio\u00e8 creiamo occasioni di lavoro per persone con fragilit\u00e0. Per noi l\u2019impegno \u00e8 diffondere libri e idee di comunit\u00e0 solidale, offrire cibo di qualit\u00e0 &hellip; Leggi tutto \"Sostienici\"","og_url":"https:\/\/cooperativaarticolouno.it\/?page_id=53","og_site_name":"ArticoloUno Societ&agrave; Cooperativa Sociale ONLUS","article_modified_time":"2024-06-17T13:04:58+00:00","og_image":[{"width":2560,"height":1502,"url":"https:\/\/cooperativaarticolouno.it\/wp-content\/uploads\/2023\/03\/fabrizio-magoni-boaDpmC-_Xo-unsplash-scaled.jpg","type":"image\/jpeg"}],"twitter_card":"summary_large_image","twitter_misc":{"Tempo di lettura stimato":"2 minuti"},"schema":{"@context":"https:\/\/schema.org","@graph":[{"@type":"WebPage","@id":"https:\/\/cooperativaarticolouno.it\/?page_id=53","url":"https:\/\/cooperativaarticolouno.it\/?page_id=53","name":"Sostienici - ArticoloUno Societ&agrave; Cooperativa Sociale ONLUS","isPartOf":{"@id":"https:\/\/cooperativaarticolouno.it\/#website"},"primaryImageOfPage":{"@id":"https:\/\/cooperativaarticolouno.it\/?page_id=53#primaryimage"},"image":{"@id":"https:\/\/cooperativaarticolouno.it\/?page_id=53#primaryimage"},"thumbnailUrl":"https:\/\/cooperativaarticolouno.it\/wp-content\/uploads\/2023\/03\/fabrizio-magoni-boaDpmC-_Xo-unsplash-scaled.jpg","datePublished":"2023-03-03T08:39:08+00:00","dateModified":"2024-06-17T13:04:58+00:00","breadcrumb":{"@id":"https:\/\/cooperativaarticolouno.it\/?page_id=53#breadcrumb"},"inLanguage":"it-IT","potentialAction":[{"@type":"ReadAction","target":["https:\/\/cooperativaarticolouno.it\/?page_id=53"]}]},{"@type":"ImageObject","inLanguage":"it-IT","@id":"https:\/\/cooperativaarticolouno.it\/?page_id=53#primaryimage","url":"https:\/\/cooperativaarticolouno.it\/wp-content\/uploads\/2023\/03\/fabrizio-magoni-boaDpmC-_Xo-unsplash-scaled.jpg","contentUrl":"https:\/\/cooperativaarticolouno.it\/wp-content\/uploads\/2023\/03\/fabrizio-magoni-boaDpmC-_Xo-unsplash-scaled.jpg","width":2560,"height":1502},{"@type":"BreadcrumbList","@id":"https:\/\/cooperativaarticolouno.it\/?page_id=53#breadcrumb","itemListElement":[{"@type":"ListItem","position":1,"name":"Home","item":"https:\/\/cooperativaarticolouno.it\/"},{"@type":"ListItem","position":2,"name":"Sostienici"}]},{"@type":"WebSite","@id":"https:\/\/cooperativaarticolouno.it\/#website","url":"https:\/\/cooperativaarticolouno.it\/","name":"ArticoloUno Societ&agrave; Cooperativa Sociale ONLUS","description":"Una cooperativa che lavora con te.","publisher":{"@id":"https:\/\/cooperativaarticolouno.it\/#organization"},"potentialAction":[{"@type":"SearchAction","target":{"@type":"EntryPoint","urlTemplate":"https:\/\/cooperativaarticolouno.it\/?s={search_term_string}"},"query-input":{"@type":"PropertyValueSpecification","valueRequired":true,"valueName":"search_term_string"}}],"inLanguage":"it-IT"},{"@type":"Organization","@id":"https:\/\/cooperativaarticolouno.it\/#organization","name":"ArticoloUno Societ&agrave; Cooperativa Sociale ONLUS","url":"https:\/\/cooperativaarticolouno.it\/","logo":{"@type":"ImageObject","inLanguage":"it-IT","@id":"https:\/\/cooperativaarticolouno.it\/#\/schema\/logo\/image\/","url":"https:\/\/cooperativaarticolouno.it\/wp-content\/uploads\/2023\/03\/cropped-thumbnail_A1_logo_vert.png","contentUrl":"https:\/\/cooperativaarticolouno.it\/wp-content\/uploads\/2023\/03\/cropped-thumbnail_A1_logo_vert.png","width":302,"height":250,"caption":"ArticoloUno Societ&agrave; Cooperativa Sociale ONLUS"},"image":{"@id":"https:\/\/cooperativaarticolouno.it\/#\/schema\/logo\/image\/"}}]}},"_links":{"self":[{"href":"https:\/\/cooperativaarticolouno.it\/index.php?rest_route=\/wp\/v2\/pages\/53","targetHints":{"allow":["GET"]}}],"collection":[{"href":"https:\/\/cooperativaarticolouno.it\/index.php?rest_route=\/wp\/v2\/pages"}],"about":[{"href":"https:\/\/cooperativaarticolouno.it\/index.php?rest_route=\/wp\/v2\/types\/page"}],"author":[{"embeddable":true,"href":"https:\/\/cooperativaarticolouno.it\/index.php?rest_route=\/wp\/v2\/users\/1"}],"replies":[{"embeddable":true,"href":"https:\/\/cooperativaarticolouno.it\/index.php?rest_route=%2Fwp%2Fv2%2Fcomments&post=53"}],"version-history":[{"count":11,"href":"https:\/\/cooperativaarticolouno.it\/index.php?rest_route=\/wp\/v2\/pages\/53\/revisions"}],"predecessor-version":[{"id":121,"href":"https:\/\/cooperativaarticolouno.it\/index.php?rest_route=\/wp\/v2\/pages\/53\/revisions\/121"}],"wp:featuredmedia":[{"embeddable":true,"href":"https:\/\/cooperativaarticolouno.it\/index.php?rest_route=\/wp\/v2\/media\/44"}],"wp:attachment":[{"href":"https:\/\/cooperativaarticolouno.it\/index.php?rest_route=%2Fwp%2Fv2%2Fmedia&parent=53"}],"curies":[{"name":"wp","href":"https:\/\/api.w.org\/{rel}","templated":true}]}}